{"id":145,"date":"2017-02-05T14:44:07","date_gmt":"2017-02-05T14:44:07","guid":{"rendered":"https:\/\/fixmassaazid.ee\/?page_id=145"},"modified":"2018-05-15T07:07:26","modified_gmt":"2018-05-15T07:07:26","slug":"massaazid-2","status":"publish","type":"page","link":"https:\/\/fixmassaazid.ee\/?page_id=145","title":{"rendered":"MASSAA\u017dID"},"content":{"rendered":"<p>Pakume erinevat t\u00fc\u00fcpi massaa\u017ee: klassikalist, spordi- ja ravimassaa\u017ei.\u00a0Igal pakutaval massaa\u017eiliigil on erinev eesm\u00e4rk ja tulemus.<\/p>\n<p>&nbsp;<\/p>\n<p style=\"text-align: left;\"><strong>KLASSIKALINE MASSAA\u017d<\/strong><\/p>\n<p>Parim viis l\u00f5\u00f5gastumiseks. Kehapingete v\u00e4hendamine aitab h\u00e4sti maandada nii vaimseid kui ka f\u00fc\u00fcsilisi pingeid. Massaa\u017ei tugevus on pehme ja rahustav. Soovitame kui Sul esineb kaebusi allj\u00e4rgnevast loetelust:<\/p>\n<p>&#8211; Verevarustuse probleemid j\u00e4semetes<\/p>\n<p>&#8211; T\u00e4helepanuh\u00e4ired<\/p>\n<p>&#8211; K\u00f5rge stressitase igap\u00e4evaelus<\/p>\n<p>&#8211; Uneprobleemid<\/p>\n<p>&#8211; \u00dclev\u00e4simus<\/p>\n<p>&nbsp;<\/p>\n<p>&nbsp;<\/p>\n<p><strong>SPORDIMASSAA\u017d<\/strong><\/p>\n<p>Igal tippsportlasel on oma mass\u00f6\u00f6r. Inimene, kes tunneb sportlase spordiala spetsiifikat ja kitsaskohti. Meie mass\u00f6\u00f6rid keskenduvad igale kliendile sarnase p\u00fchendumusega, et saavutatav tulemus oleks maksimaalselt kasulik.\u00a0 Selle massaa\u017eistiili p\u00f5hieesm\u00e4rk on pakkuda lihastele f\u00fc\u00fcsilisest \u00a0koormusest tekkinud pingetest kiiremat ja t\u00f5husamat taastumist. Sobib h\u00e4sti tervisesporti harrastavatele inimestele, kes soovivad paremat taastumist rasketest treeningutest ja kergemat enesetunnet uuteks pingutusteks. Olenevalt harrastatavast\u00a0spordialast p\u00f6\u00f6ratakse t\u00e4helepanu erinevatele lihasgruppidele. P\u00f5hir\u00f5hk on suunatud parema verevarustuse saavutamiseks s\u00fcgavuti suuremates lihasgruppides. KUS VERI SEAL ELU!<\/p>\n<p>Sobib Sulle kui:<br \/>\n&#8211; Oled igap\u00e4evaselt seotud f\u00fc\u00fcsilise liikumisega<\/p>\n<p>&#8211; Harrastad tervisesporti<\/p>\n<p>&#8211; Oled h\u00e4das j\u00e4semete krampidega v\u00f5i v\u00e4simusega<\/p>\n<p>&#8211; Tahad kogeda oma lihastes v\u00e4rskust ja kergust<\/p>\n<p>&nbsp;<\/p>\n<p style=\"text-align: left;\"><strong>RAVIMASSAA\u017d<\/strong><\/p>\n<p style=\"text-align: left;\">Kui Teie keha annab endast m\u00e4rku valuga, siis tasub k\u00fcsida just seda massaa\u017ei.<\/p>\n<p style=\"text-align: left;\">Siin on suunatud kogu t\u00e4helepanu Teie tervise parendamisele. Koost\u00f6\u00f6s patsiendiga otsitakse \u00fcles probleemi algp\u00f5hjus ja taastatakse keha endine korrap\u00e4ra.<\/p>\n<p style=\"text-align: left;\">Ravimassaa\u017eis kasutatakse uusimaid massaa\u017eitehnikaid ja vajadusel ka abivahenditena vaakumkuppe, Gua Sha teraapiat, fastsiaalsete m\u00fcofastsiate vabastamise tehnikaid. Valu on seejuures m\u00e4rguandjaks, et midagi on valesti. Kogu raviprotsess toimub patsiendi probleeme arvestavalt.<\/p>\n<p style=\"text-align: left;\">Sobib, kui Teile teeb muret:<\/p>\n<p style=\"text-align: left;\">&#8211; Seljavaevused v\u00f5i -valu<\/p>\n<p style=\"text-align: left;\">&#8211; Kaela kangus v\u00f5i valu<\/p>\n<p style=\"text-align: left;\">&#8211; Puusa v\u00f5i j\u00e4semete valu\/j\u00e4ikus<\/p>\n<p style=\"text-align: left;\">&#8211; Peavalud<\/p>\n<p>&nbsp;<\/p>\n","protected":false},"excerpt":{"rendered":"<p>Pakume erinevat t\u00fc\u00fcpi massaa\u017ee: klassikalist, spordi- ja ravimassaa\u017ei.\u00a0Igal pakutaval massaa\u017eiliigil on erinev eesm\u00e4rk ja tulemus. &nbsp; KLASSIKALINE MASSAA\u017d Parim viis l\u00f5\u00f5gastumiseks. Kehapingete v\u00e4hendamine aitab h\u00e4sti maandada nii vaimseid kui ka f\u00fc\u00fcsilisi pingeid. Massaa\u017ei tugevus on pehme ja rahustav. Soovitame kui Sul esineb kaebusi allj\u00e4rgnevast loetelust: &#8211; Verevarustuse probleemid j\u00e4semetes &#8211; T\u00e4helepanuh\u00e4ired &#8211; K\u00f5rge stressitase igap\u00e4evaelus&#8230;<\/p>\n","protected":false},"author":1,"featured_media":0,"parent":0,"menu_order":0,"comment_status":"closed","ping_status":"closed","template":"","meta":{"footnotes":""},"class_list":["post-145","page","type-page","status-publish","hentry"],"_links":{"self":[{"href":"https:\/\/fixmassaazid.ee\/index.php?rest_route=\/wp\/v2\/pages\/145","targetHints":{"allow":["GET"]}}],"collection":[{"href":"https:\/\/fixmassaazid.ee\/index.php?rest_route=\/wp\/v2\/pages"}],"about":[{"href":"https:\/\/fixmassaazid.ee\/index.php?rest_route=\/wp\/v2\/types\/page"}],"author":[{"embeddable":true,"href":"https:\/\/fixmassaazid.ee\/index.php?rest_route=\/wp\/v2\/users\/1"}],"replies":[{"embeddable":true,"href":"https:\/\/fixmassaazid.ee\/index.php?rest_route=%2Fwp%2Fv2%2Fcomments&post=145"}],"version-history":[{"count":47,"href":"https:\/\/fixmassaazid.ee\/index.php?rest_route=\/wp\/v2\/pages\/145\/revisions"}],"predecessor-version":[{"id":826,"href":"https:\/\/fixmassaazid.ee\/index.php?rest_route=\/wp\/v2\/pages\/145\/revisions\/826"}],"wp:attachment":[{"href":"https:\/\/fixmassaazid.ee\/index.php?rest_route=%2Fwp%2Fv2%2Fmedia&parent=145"}],"curies":[{"name":"wp","href":"https:\/\/api.w.org\/{rel}","templated":true}]}}