{"id":531,"date":"2017-03-10T07:57:10","date_gmt":"2017-03-10T07:57:10","guid":{"rendered":"https:\/\/fixmassaazid.ee\/?page_id=531"},"modified":"2024-08-05T09:14:54","modified_gmt":"2024-08-05T09:14:54","slug":"meeskond","status":"publish","type":"page","link":"https:\/\/fixmassaazid.ee\/?page_id=531","title":{"rendered":"MEESKOND"},"content":{"rendered":"<p style=\"text-align: center;\">FIX massaa\u017eide meeskonda<\/p>\n<p>J\u00fcri M\u00e4lk<\/p>\n<p>jyri@fixmassaazid.ee<\/p>\n<p style=\"text-align: left;\">\n","protected":false},"excerpt":{"rendered":"<p>FIX massaa\u017eide meeskonda J\u00fcri M\u00e4lk jyri@fixmassaazid.ee<\/p>\n","protected":false},"author":1,"featured_media":0,"parent":510,"menu_order":0,"comment_status":"closed","ping_status":"closed","template":"","meta":{"footnotes":""},"class_list":["post-531","page","type-page","status-publish","hentry"],"_links":{"self":[{"href":"https:\/\/fixmassaazid.ee\/index.php?rest_route=\/wp\/v2\/pages\/531","targetHints":{"allow":["GET"]}}],"collection":[{"href":"https:\/\/fixmassaazid.ee\/index.php?rest_route=\/wp\/v2\/pages"}],"about":[{"href":"https:\/\/fixmassaazid.ee\/index.php?rest_route=\/wp\/v2\/types\/page"}],"author":[{"embeddable":true,"href":"https:\/\/fixmassaazid.ee\/index.php?rest_route=\/wp\/v2\/users\/1"}],"replies":[{"embeddable":true,"href":"https:\/\/fixmassaazid.ee\/index.php?rest_route=%2Fwp%2Fv2%2Fcomments&post=531"}],"version-history":[{"count":21,"href":"https:\/\/fixmassaazid.ee\/index.php?rest_route=\/wp\/v2\/pages\/531\/revisions"}],"predecessor-version":[{"id":902,"href":"https:\/\/fixmassaazid.ee\/index.php?rest_route=\/wp\/v2\/pages\/531\/revisions\/902"}],"up":[{"embeddable":true,"href":"https:\/\/fixmassaazid.ee\/index.php?rest_route=\/wp\/v2\/pages\/510"}],"wp:attachment":[{"href":"https:\/\/fixmassaazid.ee\/index.php?rest_route=%2Fwp%2Fv2%2Fmedia&parent=531"}],"curies":[{"name":"wp","href":"https:\/\/api.w.org\/{rel}","templated":true}]}}